{"id":134,"date":"2016-03-14T18:24:12","date_gmt":"2016-03-14T18:24:12","guid":{"rendered":"http:\/\/rafpro.is\/?page_id=134"},"modified":"2017-03-08T14:10:02","modified_gmt":"2017-03-08T14:10:02","slug":"raflagnahonnun","status":"publish","type":"page","link":"https:\/\/rafpro.is\/?page_id=134","title":{"rendered":"Raflagnah\u00f6nnun"},"content":{"rendered":"<p><strong><span style=\"text-decoration: underline;\">Rafpro b\u00fd\u00f0ur upp\u00e1 raflagnah\u00f6nnun \u00e1 eftirfarandi svi\u00f0um:<\/span><\/strong><\/p>\n<p style=\"margin: 0cm; margin-bottom: .0001pt;\"><span style=\"font-family: 'Arial',sans-serif; color: #959595;\">Einb\u00fdlish\u00fas<br \/>\nFj\u00f6lb\u00fdlish\u00fas<br \/>\nRa\u00f0h\u00fas<br \/>\nParh\u00fas<br \/>\nSumarh\u00fas<br \/>\nAtvinnuh\u00fasn\u00e6\u00f0i<\/span><\/p>\n<p style=\"margin: 0cm; margin-bottom: .0001pt;\"><span style=\"font-family: 'Arial',sans-serif; color: #959595;\">Skrifstofur<br \/>\nVerslanir<br \/>\nVeitingasta\u00f0i<br \/>\nVi\u00f0byggingar<br \/>\nSt\u00fdrikerfah\u00f6nnun<\/span><\/p>\n","protected":false},"excerpt":{"rendered":"<p>Rafpro b\u00fd\u00f0ur upp\u00e1 raflagnah\u00f6nnun \u00e1 eftirfarandi svi\u00f0um: Einb\u00fdlish\u00fas Fj\u00f6lb\u00fdlish\u00fas Ra\u00f0h\u00fas Parh\u00fas Sumarh\u00fas Atvinnuh\u00fasn\u00e6\u00f0i Skrifstofur Verslanir Veitingasta\u00f0i Vi\u00f0byggingar St\u00fdrikerfah\u00f6nnun<\/p>\n","protected":false},"author":1,"featured_media":0,"parent":0,"menu_order":0,"comment_status":"closed","ping_status":"closed","template":"full-width-page.php","meta":{"footnotes":""},"class_list":["post-134","page","type-page","status-publish","hentry"],"_links":{"self":[{"href":"https:\/\/rafpro.is\/index.php?rest_route=\/wp\/v2\/pages\/134","targetHints":{"allow":["GET"]}}],"collection":[{"href":"https:\/\/rafpro.is\/index.php?rest_route=\/wp\/v2\/pages"}],"about":[{"href":"https:\/\/rafpro.is\/index.php?rest_route=\/wp\/v2\/types\/page"}],"author":[{"embeddable":true,"href":"https:\/\/rafpro.is\/index.php?rest_route=\/wp\/v2\/users\/1"}],"replies":[{"embeddable":true,"href":"https:\/\/rafpro.is\/index.php?rest_route=%2Fwp%2Fv2%2Fcomments&post=134"}],"version-history":[{"count":7,"href":"https:\/\/rafpro.is\/index.php?rest_route=\/wp\/v2\/pages\/134\/revisions"}],"predecessor-version":[{"id":382,"href":"https:\/\/rafpro.is\/index.php?rest_route=\/wp\/v2\/pages\/134\/revisions\/382"}],"wp:attachment":[{"href":"https:\/\/rafpro.is\/index.php?rest_route=%2Fwp%2Fv2%2Fmedia&parent=134"}],"curies":[{"name":"wp","href":"https:\/\/api.w.org\/{rel}","templated":true}]}}