{"id":37,"date":"2016-02-28T14:43:43","date_gmt":"2016-02-28T14:43:43","guid":{"rendered":"http:\/\/rafpro.is\/?page_id=37"},"modified":"2026-01-08T07:53:00","modified_gmt":"2026-01-08T07:53:00","slug":"tengilidir","status":"publish","type":"page","link":"https:\/\/rafpro.is\/?page_id=37","title":{"rendered":"Tengili\u00f0ir"},"content":{"rendered":"<div id=\"pl-37\"  class=\"panel-layout\" ><div id=\"pg-37-0\"  class=\"panel-grid panel-no-style\" ><div id=\"pgc-37-0-0\"  class=\"panel-grid-cell\" ><div id=\"panel-37-0-0-0\" class=\"so-panel widget widget_black-studio-tinymce widget_black_studio_tinymce panel-first-child panel-last-child\" data-index=\"0\" ><div class=\"textwidget\"><p><span class=\"\" style=\"display:block;clear:both;height: 0px;padding-top: 30px;border-top-width:0px;border-bottom-width:0px;\"><\/span><\/p>\n<p><strong>Bjarni Ingi Bj\u00f6rnsson<\/strong><\/p>\n<p>Framkv\u00e6mdastj\u00f3ri\/Verkefnastj\u00f3ri MPM IPMA-D<\/p>\n<p>Gsm \/ Mobile +(354) 789-1020 \u00a0\u00a0<a href=\"mailto:bjarni.ingi@rafpro.is\">bjarni.ingi@rafpro.is<\/a><\/p>\n<p><strong>Haukur Atli Hj\u00e1lmarsson<\/strong><\/p>\n<p>Rafvirki\/Verkstj\u00f3ri\/Rafvirkjameistari<\/p>\n<p>Gsm \/ Mobile +(354) 789-1021 \u00a0<a href=\"mailto:haukuratli@rafpro.is\">haukuratli@rafpro.is<\/a><\/p>\n<p><strong>Ingibj\u00f6rg Bar\u00f0ad\u00f3ttir<\/strong><\/p>\n<p>Fj\u00e1rm\u00e1lastj\u00f3ri<\/p>\n<p>Gsm \/ Mobile +(354) 864-1163 \u00a0<a href=\"mailto:ingab@rafpro.is\">ingab@rafpro.is<\/a><\/p>\n<p><strong>Bj\u00f6rn Ingi Bjarnason<\/strong><\/p>\n<p>Rafvirki\/verkstj\u00f3ri\/Rafvirkjameistari<\/p>\n<p>Gsm \/ Mobile +(354) 789-1022\u00a0 <a href=\"mailto:bjorn@rafpro.is\">bjorn@rafpro.is<\/a><\/p>\n<p><strong>Benedikt Hermannsson<\/strong><\/p>\n<p>Rafvirki\/verkstj\u00f3ri<\/p>\n<p>Gsm \/ Mobile +(354) 866-2501\u00a0 \u00a0<a href=\"mailto:benedikt@rafpro.is\">benedikt@rafpro.is<\/a><\/p>\n<p><strong>Helgi J\u00f3n Sigur\u00f0sson<\/strong><\/p>\n<p>Rafvirki\/verkstj\u00f3ri<\/p>\n<p>Gsm \/ Mobile +(354) 867-5282\u00a0 <a href=\"mailto:helgijon@rafpro.is\">Helgijon@rafpro.is<\/a><\/p>\n<p><strong>\u00c1rni Salvar Heimisson<\/strong><\/p>\n<p>Rafvirki<\/p>\n<p><strong>Helgi R\u00fanar Bjarnason<\/strong><\/p>\n<p>Rafvirki<\/p>\n<p>Gsm \/ Mobile +(354) 789-1023<\/p>\n<p><strong>Gu\u00f0j\u00f3n \u00c1g\u00fast A\u00f0alsteinsson<\/strong><\/p>\n<p>Rafvirki<\/p>\n<p><strong>Bjarki Brynjarsson<\/strong><\/p>\n<p>Rafvirki\/Rafi\u00f0nfr\u00e6\u00f0inemi<\/p>\n<p><strong>Bergur Breki Stef\u00e1nsson<\/strong><\/p>\n<p>Rafvirki\/Rafi\u00f0nfr\u00e6\u00f0inemi<\/p>\n<p><strong>Erlingur Vi\u00f0arsson<\/strong><\/p>\n<p>Rafvirki<\/p>\n<\/div><\/div><\/div><\/div><\/div>","protected":false},"excerpt":{"rendered":"<p>Bjarni Ingi Bj\u00f6rnsson Framkv\u00e6mdastj\u00f3ri\/Verkefnastj\u00f3ri MPM IPMA-D Gsm \/ Mobile +(354) 789-1020 \u00a0\u00a0bjarni.ingi@rafpro.is Haukur Atli Hj\u00e1lmarsson Rafvirki\/Verkstj\u00f3ri\/Rafvirkjameistari Gsm \/ Mobile +(354) 789-1021 \u00a0haukuratli@rafpro.is Ingibj\u00f6rg Bar\u00f0ad\u00f3ttir Fj\u00e1rm\u00e1lastj\u00f3ri Gsm \/ Mobile +(354) 864-1163 \u00a0ingab@rafpro.is Bj\u00f6rn Ingi Bjarnason Rafvirki\/verkstj\u00f3ri\/Rafvirkjameistari Gsm \/ Mobile +(354) 789-1022\u00a0 bjorn@rafpro.is Benedikt Hermannsson Rafvirki\/verkstj\u00f3ri Gsm \/ Mobile +(354) 866-2501\u00a0 \u00a0benedikt@rafpro.is Helgi J\u00f3n Sigur\u00f0sson Rafvirki\/verkstj\u00f3ri Gsm&#8230;<\/p>\n","protected":false},"author":1,"featured_media":0,"parent":0,"menu_order":0,"comment_status":"closed","ping_status":"closed","template":"full-width-page.php","meta":{"footnotes":""},"class_list":["post-37","page","type-page","status-publish","hentry"],"_links":{"self":[{"href":"https:\/\/rafpro.is\/index.php?rest_route=\/wp\/v2\/pages\/37","targetHints":{"allow":["GET"]}}],"collection":[{"href":"https:\/\/rafpro.is\/index.php?rest_route=\/wp\/v2\/pages"}],"about":[{"href":"https:\/\/rafpro.is\/index.php?rest_route=\/wp\/v2\/types\/page"}],"author":[{"embeddable":true,"href":"https:\/\/rafpro.is\/index.php?rest_route=\/wp\/v2\/users\/1"}],"replies":[{"embeddable":true,"href":"https:\/\/rafpro.is\/index.php?rest_route=%2Fwp%2Fv2%2Fcomments&post=37"}],"version-history":[{"count":58,"href":"https:\/\/rafpro.is\/index.php?rest_route=\/wp\/v2\/pages\/37\/revisions"}],"predecessor-version":[{"id":508,"href":"https:\/\/rafpro.is\/index.php?rest_route=\/wp\/v2\/pages\/37\/revisions\/508"}],"wp:attachment":[{"href":"https:\/\/rafpro.is\/index.php?rest_route=%2Fwp%2Fv2%2Fmedia&parent=37"}],"curies":[{"name":"wp","href":"https:\/\/api.w.org\/{rel}","templated":true}]}}