{"id":48,"date":"2016-02-28T14:46:30","date_gmt":"2016-02-28T14:46:30","guid":{"rendered":"http:\/\/rafpro.is\/?page_id=48"},"modified":"2017-03-08T14:07:29","modified_gmt":"2017-03-08T14:07:29","slug":"heim-2","status":"publish","type":"page","link":"https:\/\/rafpro.is\/","title":{"rendered":"Heim"},"content":{"rendered":"<div id=\"pl-48\"  class=\"panel-layout\" ><div id=\"pg-48-0\"  class=\"panel-grid panel-no-style\" ><div id=\"pgc-48-0-0\"  class=\"panel-grid-cell\" ><div id=\"panel-48-0-0-0\" class=\"so-panel widget widget_sow-editor panel-first-child panel-last-child\" data-index=\"0\" ><div class=\"panel-widget-style panel-widget-style-for-48-0-0-0\" ><div\n\t\t\t\n\t\t\tclass=\"so-widget-sow-editor so-widget-sow-editor-base\"\n\t\t\t\n\t\t>\n<div class=\"siteorigin-widget-tinymce textwidget\">\n\t<p style=\"text-align: center;\"><span style=\"color: #000000;\"><span class=\"\" style=\"display:block;clear:both;height: 0px;padding-top: 30px;border-top-width:0px;border-bottom-width:0px;\"><\/span><\/span><\/p><h1 style=\"text-align: center;\"><strong><span style=\"color: #000000;\">Velkomin \u00e1 heimas\u00ed\u00f0u RAF-PRO EHF.<\/span><\/strong><\/h1><hr \/><h1 style=\"text-align: center;\"><span style=\"font-size: 12pt; font-family: Helvetica;\"><strong>RAF-PRO EHF er Rafverktaka- og Raflagnafyrirt\u00e6ki sem getur gert hva\u00f0 sem er\u00a0fyrir \u00feig \u00e1 svi\u00f0i rafmagns. Vi\u00f0 erum a\u00f0 \u00fej\u00f3nusta einstaklinga, fyrirt\u00e6ki og stofnanir.\u00a0<\/strong><\/span><\/h1><h1 style=\"text-align: center;\"><span style=\"font-family: Helvetica;\"><strong><span style=\"font-size: 12pt;\">RAF-PRO EHF\u00a0hefur \u00e1 mj\u00f6g h\u00e6fu og reynslumiklu f\u00f3lki a\u00f0 r\u00e1\u00f0a sem leitast vi\u00f0 a\u00f0 skila fr\u00e1b\u00e6rum lausnum og \u00e1rangri.\u00a0<\/span><\/strong><\/span><\/h1><span class=\"\" style=\"display:block;clear:both;height: 0px;padding-top: 200px;border-top-width:0px;border-bottom-width:0px;\"><\/span><p style=\"text-align: center;\"><img loading=\"lazy\" decoding=\"async\" class=\"alignnone wp-image-4\" src=\"https:\/\/rafpro.is\/wp-content\/uploads\/2016\/02\/RafPro_260X55-1.png\" alt=\"RafPro_260X55\" width=\"402\" height=\"85\" \/><\/p><p style=\"text-align: center;\"><span class=\"\" style=\"display:block;clear:both;height: 0px;padding-top: 255px;border-top-width:0px;border-bottom-width:0px;\"><\/span><\/p><\/div>\n<\/div><\/div><\/div><\/div><\/div><div id=\"pg-48-1\"  class=\"panel-grid panel-no-style\" ><div id=\"pgc-48-1-0\"  class=\"panel-grid-cell panel-grid-cell-empty\" ><\/div><div id=\"pgc-48-1-1\"  class=\"panel-grid-cell panel-grid-cell-empty panel-grid-cell-mobile-last\" ><\/div><div id=\"pgc-48-1-2\"  class=\"panel-grid-cell panel-grid-cell-empty\" ><\/div><\/div><\/div>","protected":false},"excerpt":{"rendered":"<p>Velkomin \u00e1 heimas\u00ed\u00f0u RAF-PRO EHF.RAF-PRO EHF er Rafverktaka- og Raflagnafyrirt\u00e6ki sem getur gert hva\u00f0 sem er\u00a0fyrir \u00feig \u00e1 svi\u00f0i rafmagns. Vi\u00f0 erum a\u00f0 \u00fej\u00f3nusta einstaklinga, fyrirt\u00e6ki og stofnanir.\u00a0RAF-PRO EHF\u00a0hefur \u00e1 mj\u00f6g h\u00e6fu og reynslumiklu f\u00f3lki a\u00f0 r\u00e1\u00f0a sem leitast vi\u00f0 a\u00f0 skila fr\u00e1b\u00e6rum lausnum og \u00e1rangri.\u00a0\u00a0<\/p>\n","protected":false},"author":1,"featured_media":0,"parent":0,"menu_order":0,"comment_status":"closed","ping_status":"closed","template":"full-width-page.php","meta":{"footnotes":""},"class_list":["post-48","page","type-page","status-publish","hentry"],"_links":{"self":[{"href":"https:\/\/rafpro.is\/index.php?rest_route=\/wp\/v2\/pages\/48","targetHints":{"allow":["GET"]}}],"collection":[{"href":"https:\/\/rafpro.is\/index.php?rest_route=\/wp\/v2\/pages"}],"about":[{"href":"https:\/\/rafpro.is\/index.php?rest_route=\/wp\/v2\/types\/page"}],"author":[{"embeddable":true,"href":"https:\/\/rafpro.is\/index.php?rest_route=\/wp\/v2\/users\/1"}],"replies":[{"embeddable":true,"href":"https:\/\/rafpro.is\/index.php?rest_route=%2Fwp%2Fv2%2Fcomments&post=48"}],"version-history":[{"count":27,"href":"https:\/\/rafpro.is\/index.php?rest_route=\/wp\/v2\/pages\/48\/revisions"}],"predecessor-version":[{"id":376,"href":"https:\/\/rafpro.is\/index.php?rest_route=\/wp\/v2\/pages\/48\/revisions\/376"}],"wp:attachment":[{"href":"https:\/\/rafpro.is\/index.php?rest_route=%2Fwp%2Fv2%2Fmedia&parent=48"}],"curies":[{"name":"wp","href":"https:\/\/api.w.org\/{rel}","templated":true}]}}